{"id":7298,"date":"2024-01-10T00:14:09","date_gmt":"2024-01-09T22:14:09","guid":{"rendered":"https:\/\/orangetime.ee\/agentuur-ee\/"},"modified":"2026-01-21T12:54:12","modified_gmt":"2026-01-21T10:54:12","slug":"agency","status":"publish","type":"page","link":"https:\/\/orangetime.ee\/en\/","title":{"rendered":"Agency"},"content":{"rendered":"<div  class=\"fullwidth-section text-dark section1\" style=\"background-color:#ffffff\"><div class=\"fullwidth-content\"><div class=\"spacer spacer-small \"><\/div><div class=\"wrapper-medium\"><div  class=\"column-section clearfix spaced-normal  col-align-top no-anim\"><div  class=\"column one-full last-col  col1 no-anim\" >\n<h5 class=\"title-alt align-auto  h7\">Agency<\/h5>\n<\/div><\/div><\/div><div class=\"spacer spacer-small \"><\/div><div class=\"wrapper-medium\"><div  class=\"column-section clearfix spaced-huge  col-align-top no-anim\"><div  class=\"column two-fourth   col2 no-anim\" >\n<h4 class=\"p1\"><strong><span class=\"s1\">WE DON&#8217;T ORGANIZE, WE IGNITE!<\/span><\/strong><\/h4>\n<p>We turn your organizational culture into a strategic competitive advantage. Through high-impact events, we spark engagement in your employees and loyalty in your customers.<\/p>\n<h6><strong>Culture isn&#8217;t just an HR task. It\u2019s your business foundation. <\/strong><\/h6>\n<p>We partner with organizations that refuse to settle for &#8220;fine.&#8221; We don\u2019t deliver routines; we deliver results that spark your team.<\/p>\n<p data-path-to-node=\"10\">We create purpose-driven experiences designed to:<\/p>\n<ul data-path-to-node=\"11\">\n<li>\n<p data-path-to-node=\"11,0,0\"><b data-path-to-node=\"11,0,0\" data-index-in-node=\"0\">ignite culture:<\/b> align your team with your mission through shared energy.<\/p>\n<\/li>\n<li>\n<p data-path-to-node=\"11,1,0\"><b data-path-to-node=\"11,1,0\" data-index-in-node=\"0\">strengthen bonds:<\/b> build long-term loyalty with clients and partners.<\/p>\n<\/li>\n<li>\n<p data-path-to-node=\"11,2,0\"><b data-path-to-node=\"11,2,0\" data-index-in-node=\"0\">raise the bar:<\/b> transform standard corporate gatherings into legendary milestones.<\/p>\n<\/li>\n<\/ul>\n<h6>Ready to spark? Let\u2019s talk.<\/h6>\n<\/div><div  class=\"column one-fourth   col3 no-anim\" >\n<h5>Let&#8217;s ignite your culture through<\/h5>\n<ul class=\"nolist\">\n<li>Conferences<\/li>\n<li>Seminars<\/li>\n<li>Galas<\/li>\n<li>Client Events<\/li>\n<li>Opening Events<\/li>\n<li>Summer Days<\/li>\n<li>Promotional Solutions<\/li>\n<li>Public Events<\/li>\n<li>Team Building Events<\/li>\n<li>Festival activitys<\/li>\n<li>Production<\/li>\n<\/ul>\n<\/div><div  class=\"column one-fourth last-col  col4 no-anim\" >\n<h5>Useful Extras:<\/h5>\n<ul class=\"nolist\">\n<li><a href=\"https:\/\/presenters.ee\/\" target=\"_blank\" rel=\"noopener\">Public Speaking Training \u2192<\/a><\/li>\n<li>External Speakers<\/li>\n<li>Moderators<\/li>\n<li>Staging and Production<\/li>\n<li>Graphic Design<\/li>\n<li>Consultation<\/li>\n<\/ul>\n<\/div><\/div><\/div><div class=\"spacer spacer-big \"><\/div><div class=\"spacer spacer-medium \"><\/div><div class=\"flickity-wrapper follow-mouse null\"><span class=\"mouse-action\">Drag<\/span><div class=\"flickity-carousel image-gallery hasbullets carousel-slider null\" data-flickity='{ \n\t\t\t\"prevNextButtons\": false,\n\t\t\t\"pageDots\": true,\n\t\t\t\"lazy\": 1,\n\t\t\t\"autoPlay\": false,\n\t\t\t\"adaptiveHeight\": true,\n\t\t\t\"wrapAround\": false,\n\t\t\t\"arrowShape\": \"M1.2,50.5c0,1.1,0.6,2.4,1.1,2.9l0,0l22.1,21.5c1.7,1.7,4,1.7,5.8,0c1.7-1.7,1.7-4,0-5.8L15.1,53.9l79.7,0c2.4,0,4-1.7,4-4 c0-2.3-1.7-4-4-4l-79.7,0l14.5-15.1c1.7-1.7,1.7-4,0-5.8c-1.7-1.7-4-1.7-5.8,0L2.4,47.1l0,0c-0.6,0.6-0.6,1.1-1.1,1.1l0,0 C1.2,49.3,1.2,49.9,1.2,50.5z\"\n\t\t\t}'><div class=\"gallery-image\"><img loading=\"lazy\" decoding=\"async\" class=\"\" src=\"https:\/\/orangetime.ee\/wp-content\/uploads\/2020\/01\/54405586_10156191134090983_3219245449126871040_o-1280x854.jpg\" srcset=\"https:\/\/orangetime.ee\/wp-content\/uploads\/2020\/01\/54405586_10156191134090983_3219245449126871040_o-1280x854.jpg 1280w,https:\/\/orangetime.ee\/wp-content\/uploads\/2020\/01\/54405586_10156191134090983_3219245449126871040_o-960x640.jpg 960w,https:\/\/orangetime.ee\/wp-content\/uploads\/2020\/01\/54405586_10156191134090983_3219245449126871040_o-640x427.jpg 640w,https:\/\/orangetime.ee\/wp-content\/uploads\/2020\/01\/54405586_10156191134090983_3219245449126871040_o-320x213.jpg 320w\" sizes=\"(max-width: 1280px) 100vw, 1280px\" width=\"1280\" height=\"854\" alt=\"54405586_10156191134090983_3219245449126871040_o\" \/><\/div><div class=\"gallery-image\"><img loading=\"lazy\" decoding=\"async\" class=\"\" src=\"https:\/\/orangetime.ee\/wp-content\/uploads\/2020\/01\/74453233_10156716496165983_8008235783481720832_o-1280x720.jpg\" srcset=\"https:\/\/orangetime.ee\/wp-content\/uploads\/2020\/01\/74453233_10156716496165983_8008235783481720832_o-1280x720.jpg 1280w,https:\/\/orangetime.ee\/wp-content\/uploads\/2020\/01\/74453233_10156716496165983_8008235783481720832_o-960x540.jpg 960w,https:\/\/orangetime.ee\/wp-content\/uploads\/2020\/01\/74453233_10156716496165983_8008235783481720832_o-640x360.jpg 640w,https:\/\/orangetime.ee\/wp-content\/uploads\/2020\/01\/74453233_10156716496165983_8008235783481720832_o-320x180.jpg 320w\" sizes=\"(max-width: 1280px) 100vw, 1280px\" width=\"1280\" height=\"720\" alt=\"74453233_10156716496165983_8008235783481720832_o\" \/><\/div><div class=\"gallery-image\"><img loading=\"lazy\" decoding=\"async\" class=\"\" src=\"https:\/\/orangetime.ee\/wp-content\/uploads\/2020\/01\/74894435_10156716496185983_5729566521248710656_o-1280x853.jpg\" srcset=\"https:\/\/orangetime.ee\/wp-content\/uploads\/2020\/01\/74894435_10156716496185983_5729566521248710656_o-1280x853.jpg 1280w,https:\/\/orangetime.ee\/wp-content\/uploads\/2020\/01\/74894435_10156716496185983_5729566521248710656_o-960x640.jpg 960w,https:\/\/orangetime.ee\/wp-content\/uploads\/2020\/01\/74894435_10156716496185983_5729566521248710656_o-640x427.jpg 640w,https:\/\/orangetime.ee\/wp-content\/uploads\/2020\/01\/74894435_10156716496185983_5729566521248710656_o-320x213.jpg 320w\" sizes=\"(max-width: 1280px) 100vw, 1280px\" width=\"1280\" height=\"853\" alt=\"74894435_10156716496185983_5729566521248710656_o\" \/><\/div><div class=\"gallery-image\"><img loading=\"lazy\" decoding=\"async\" class=\"\" src=\"https:\/\/orangetime.ee\/wp-content\/uploads\/2020\/01\/75223785_10156716496195983_1851483517096034304_o-1280x720.jpg\" srcset=\"https:\/\/orangetime.ee\/wp-content\/uploads\/2020\/01\/75223785_10156716496195983_1851483517096034304_o-1280x720.jpg 1280w,https:\/\/orangetime.ee\/wp-content\/uploads\/2020\/01\/75223785_10156716496195983_1851483517096034304_o-960x540.jpg 960w,https:\/\/orangetime.ee\/wp-content\/uploads\/2020\/01\/75223785_10156716496195983_1851483517096034304_o-640x360.jpg 640w,https:\/\/orangetime.ee\/wp-content\/uploads\/2020\/01\/75223785_10156716496195983_1851483517096034304_o-320x180.jpg 320w\" sizes=\"(max-width: 1280px) 100vw, 1280px\" width=\"1280\" height=\"720\" alt=\"75223785_10156716496195983_1851483517096034304_o\" \/><\/div><div class=\"gallery-image\"><img loading=\"lazy\" decoding=\"async\" class=\"\" src=\"https:\/\/orangetime.ee\/wp-content\/uploads\/2020\/01\/76612210_10156716496175983_1565610085852381184_o-1280x853.jpg\" srcset=\"https:\/\/orangetime.ee\/wp-content\/uploads\/2020\/01\/76612210_10156716496175983_1565610085852381184_o-1280x853.jpg 1280w,https:\/\/orangetime.ee\/wp-content\/uploads\/2020\/01\/76612210_10156716496175983_1565610085852381184_o-960x640.jpg 960w,https:\/\/orangetime.ee\/wp-content\/uploads\/2020\/01\/76612210_10156716496175983_1565610085852381184_o-640x427.jpg 640w,https:\/\/orangetime.ee\/wp-content\/uploads\/2020\/01\/76612210_10156716496175983_1565610085852381184_o-320x213.jpg 320w\" sizes=\"(max-width: 1280px) 100vw, 1280px\" width=\"1280\" height=\"853\" alt=\"76612210_10156716496175983_1565610085852381184_o\" \/><\/div><\/div><\/div><\/div><\/div><div  class=\"fullwidth-section text-dark section2\" style=\"background-color:#ffffff\"><div class=\"fullwidth-content\"><div class=\"wrapper\"><div  class=\"column-section clearfix spaced-normal  col-align-top no-anim\"><div  class=\"column one-full last-col  col5 no-anim\" >\n<h4 style=\"text-align: center;\">Trusted by:<\/h4>\n<p><img loading=\"lazy\" decoding=\"async\" class=\"lazy\" src=\"data:image\/gif;base64,R0lGODlhAQABAIAAAP\/\/\/wAAACH5BAEAAAAALAAAAAABAAEAAAICRAEAOw==\" alt=\"parnerid_logod_2024\" data-src=\"https:\/\/orangetime.ee\/wp-content\/uploads\/2024\/10\/parnerid_logod_2024.png\" width=\"1920\" height=\"440\"><\/div><\/div><\/div><\/div><\/div><div class=\"spacer spacer-big \"><\/div><div class=\"spacer spacer-medium \"><\/div><div class=\"wrapper-medium\"><div  class=\"column-section clearfix spaced-normal  col-align-top no-anim\"><div  class=\"column one-full last-col  col6 no-anim\" >\n<h4 style=\"text-align: center;\" data-path-to-node=\"12\"><b data-path-to-node=\"12\" data-index-in-node=\"0\">How Orangetime ignites?<\/b><\/h4>\n<h5 style=\"text-align: center;\" data-path-to-node=\"12\"><b data-path-to-node=\"13,0,0\" data-index-in-node=\"0\">We create with purpose:<\/b> every detail has a &#8220;why.&#8221;<br \/>\n<b data-path-to-node=\"13,1,0\" data-index-in-node=\"0\">We win together:<\/b> we\u2019re in the trenches with you, not just a vendor on the sidelines.<br \/>\n<b data-path-to-node=\"13,2,0\" data-index-in-node=\"0\">We sustain long bonds:<\/b> we believe in relationships, not one-offs.<\/h5>\n<\/div><\/div><\/div><div class=\"spacer spacer-big \"><\/div><div class=\"wrapper-medium\"><div  class=\"column-section clearfix spaced-normal  col-align-top no-anim\"><div  class=\"column one-third   col7 no-anim\" >\n<h5 class=\"title-alt align-auto  h7\">Rewards<\/h5>\n<\/div><div  class=\"column two-third last-col  col8 no-anim\" ><\/div><\/div><\/div><div class=\"spacer spacer-small \"><\/div><div class=\"wrapper-medium\"><div  class=\"column-section clearfix spaced-normal  col-align-top no-anim\"><div  class=\"column one-half   col9 no-anim\" >\n<h3>2025<\/h3>\n<table class=\"munad\">\n<tbody>\n<tr>\n<td><img loading=\"lazy\" decoding=\"async\" class=\"alignnone size-full wp-image-4200\" src=\"https:\/\/orangetime.ee\/wp-content\/uploads\/2018\/06\/kuldmuna.png\" alt=\"\" width=\"81\" height=\"81\" \/><\/td>\n<td style=\"text-align: left;\"><strong>Silver Egg 2025<\/strong><br \/>\nPromotion<br \/>\n<a href=\"https:\/\/www.youtube.com\/watch?v=sYbbBUxXHqc&amp;embeds_referring_euri=https%3A%2F%2Fdefolio.com%2F&amp;source_ve_path=OTY3MTQ\" target=\"_blank\" rel=\"noopener\">Tartu Apollo kino avamine<\/a><br \/>\nclient Apollo<\/td>\n<\/tr>\n<\/tbody>\n<\/table>\n<h3><\/h3>\n<p>&nbsp;<\/p>\n<h3>2024<\/h3>\n<table class=\"munad\">\n<tbody>\n<tr>\n<td><img loading=\"lazy\" decoding=\"async\" class=\"alignnone size-full wp-image-4200\" src=\"https:\/\/orangetime.ee\/wp-content\/uploads\/2018\/06\/kuldmuna.png\" alt=\"\" width=\"81\" height=\"81\" \/><\/td>\n<td style=\"text-align: left;\"><strong>Silver Egg 2024<\/strong><br \/>\nExternal communication event<br \/>\n<a href=\"https:\/\/www.youtube.com\/embed\/jTaKxfUpzxM?feature=oembed\" target=\"_blank\" rel=\"noopener\">EAS Eesti Parimad Ettev\u00f5tted auhinnagala<\/a><br \/>\nclient EAS<\/td>\n<\/tr>\n<\/tbody>\n<\/table>\n<h3><\/h3>\n<p>&nbsp;<\/p>\n<h3>2019<\/h3>\n<table class=\"munad\">\n<tbody>\n<tr>\n<td><img loading=\"lazy\" decoding=\"async\" class=\"alignnone size-full wp-image-4200\" src=\"https:\/\/orangetime.ee\/wp-content\/uploads\/2018\/06\/kuldmuna.png\" alt=\"\" width=\"81\" height=\"81\" \/><\/td>\n<td style=\"text-align: left;\">\n<h5><strong>Event Marketing Agency of the Year\u00a02019<\/strong><\/h5>\n<\/td>\n<\/tr>\n<tr>\n<td><img loading=\"lazy\" decoding=\"async\" class=\"alignnone size-full wp-image-4200\" src=\"https:\/\/orangetime.ee\/wp-content\/uploads\/2018\/06\/kuldmuna.png\" alt=\"\" width=\"81\" height=\"81\" \/><\/td>\n<td style=\"text-align: left;\"><strong>Grand Prix<\/strong><br \/>\n<a href=\"https:\/\/www.youtube.com\/watch?v=jVqKTNHvG0k\" target=\"_blank\" rel=\"noopener\">Coca-Cola AHM<\/a><\/td>\n<\/tr>\n<tr>\n<td><img loading=\"lazy\" decoding=\"async\" class=\"alignnone size-full wp-image-4200\" src=\"https:\/\/orangetime.ee\/wp-content\/uploads\/2018\/06\/kuldmuna.png\" alt=\"\" width=\"81\" height=\"81\" \/><\/td>\n<td style=\"text-align: left;\"><strong>Golden Egg 2019<\/strong><br \/>\nInternal communication event<br \/>\n<a href=\"https:\/\/defol.io\/kuldmuna\/2019-coca-cola-ahm-2\" target=\"_blank\" rel=\"noopener\">COCA-COLA AHM<\/a><br \/>\nclient Coca-Cola<\/td>\n<\/tr>\n<tr>\n<td><img loading=\"lazy\" decoding=\"async\" class=\"alignnone size-full wp-image-4200\" src=\"https:\/\/orangetime.ee\/wp-content\/uploads\/2018\/06\/kuldmuna.png\" alt=\"\" width=\"81\" height=\"81\" \/><\/td>\n<td style=\"text-align: left;\"><strong>Golden Egg 2019<\/strong><br \/>\nExternal communication event<br \/>\n<a href=\"https:\/\/defol.io\/kuldmuna\/2019-toyota-forward\" target=\"_blank\" rel=\"noopener\">Toyota Forward<\/a><br \/>\nclient Toyota Baltic<\/td>\n<\/tr>\n<tr>\n<td><img loading=\"lazy\" decoding=\"async\" class=\"alignnone size-full wp-image-4198\" src=\"https:\/\/orangetime.ee\/wp-content\/uploads\/2018\/06\/h6bemuna.png\" alt=\"\" width=\"81\" height=\"81\" \/><\/td>\n<td style=\"text-align: left;\"><strong>Silver Egg 2019<\/strong><br \/>\nProduction<br \/>\n<a href=\"https:\/\/www.youtube.com\/watch?v=jVqKTNHvG0k\" target=\"_blank\" rel=\"noopener\">COCA-COLA AHM<\/a><br \/>\nclient Coca-Cola<\/td>\n<\/tr>\n<tr>\n<td><img loading=\"lazy\" decoding=\"async\" class=\"alignnone size-full wp-image-4202\" src=\"https:\/\/orangetime.ee\/wp-content\/uploads\/2018\/06\/pronksmuna.png\" alt=\"\" width=\"81\" height=\"81\" \/><\/td>\n<td style=\"text-align: left;\"><strong>Bronze Egg 2019<\/strong><br \/>\nPromotion<br \/>\n<a href=\"https:\/\/defol.io\/kuldmuna\/2019-number-cocacolawowhetked\" target=\"_blank\" rel=\"noopener\">#CocaColaWowhetked<\/a><br \/>\nclient Coca-Cola<\/td>\n<\/tr>\n<tr>\n<td><img loading=\"lazy\" decoding=\"async\" class=\"alignnone size-full wp-image-4202\" src=\"https:\/\/orangetime.ee\/wp-content\/uploads\/2018\/06\/pronksmuna.png\" alt=\"\" width=\"81\" height=\"81\" \/><\/td>\n<td style=\"text-align: left;\"><strong>Bronze Egg 2019<\/strong><br \/>\nInternal communication event<br \/>\n<a href=\"https:\/\/defol.io\/kuldmuna\/2019-dare-to-be-analogue-1\" target=\"_blank\" rel=\"noopener\">Dare To Be Analogue<\/a><br \/>\nclient Helmes<\/td>\n<\/tr>\n<tr>\n<td><img loading=\"lazy\" decoding=\"async\" class=\"alignnone size-full wp-image-4202\" src=\"https:\/\/orangetime.ee\/wp-content\/uploads\/2018\/06\/pronksmuna.png\" alt=\"\" width=\"81\" height=\"81\" \/><\/td>\n<td style=\"text-align: left;\"><strong>Bronze Egg 2019<\/strong><br \/>\nProduction<br \/>\n<a href=\"https:\/\/www.youtube.com\/watch?v=zsCTyui6kHg\" target=\"_blank\" rel=\"noopener\">Toyota Forward<\/a><br \/>\nclient Toyota Baltic<\/td>\n<\/tr>\n<tr>\n<td><img loading=\"lazy\" decoding=\"async\" class=\"alignnone size-full wp-image-4198\" src=\"https:\/\/orangetime.ee\/wp-content\/uploads\/2018\/06\/h6bemuna.png\" alt=\"\" width=\"81\" height=\"81\" \/><\/td>\n<td style=\"text-align: left;\"><strong>Surprise Egg<\/strong><br \/>\nPromotion<br \/>\n<a href=\"https:\/\/defol.io\/kuldmuna\/2019-number-cocacolawowhetked\" target=\"_blank\" rel=\"noopener\">#CocaColaWowhetked<\/a><br \/>\nclient Coca-Cola<\/td>\n<\/tr>\n<tr>\n<td><img loading=\"lazy\" decoding=\"async\" class=\"alignnone size-full wp-image-4198\" src=\"https:\/\/orangetime.ee\/wp-content\/uploads\/2018\/06\/h6bemuna.png\" alt=\"\" width=\"81\" height=\"81\" \/><\/td>\n<td style=\"text-align: left;\"><strong>Surprise Egg<\/strong><br \/>\nProduction<br \/>\n<a href=\"https:\/\/www.youtube.com\/watch?v=jVqKTNHvG0k\" target=\"_blank\" rel=\"noopener\">COCA-COLA AHM<\/a><br \/>\nclient Coca-Cola<\/td>\n<\/tr>\n<\/tbody>\n<\/table>\n<p>&nbsp;<\/p>\n<h3>2018<\/h3>\n<table class=\"munad\">\n<tbody>\n<tr>\n<td><img loading=\"lazy\" decoding=\"async\" class=\"alignnone size-full wp-image-4200\" src=\"https:\/\/orangetime.ee\/wp-content\/uploads\/2018\/06\/kuldmuna.png\" alt=\"\" width=\"81\" height=\"81\" \/><\/td>\n<td style=\"text-align: left;\"><strong>Golden Egg\u00a02018<\/strong><br \/>\nPublic event<br \/>\n<a href=\"https:\/\/defol.io\/kuldmuna\/2018-melt-foorum-1\" target=\"_blank\" rel=\"noopener\">MELT Foorum<\/a><br \/>\nclient Tallinna Ettev\u00f5tlusinkubaatorid<\/td>\n<\/tr>\n<tr>\n<td><img loading=\"lazy\" decoding=\"async\" class=\"alignnone size-full wp-image-4198\" src=\"https:\/\/orangetime.ee\/wp-content\/uploads\/2018\/06\/h6bemuna.png\" alt=\"\" width=\"81\" height=\"81\" \/><\/td>\n<td style=\"text-align: left;\"><strong>Silver Egg 2018<\/strong><br \/>\nInternal communication event<br \/>\n<a href=\"https:\/\/defol.io\/kuldmuna\/2018-rokkiv-sonafestival\" target=\"_blank\" rel=\"noopener\">Rokkiv s\u00f5nafestival<\/a><br \/>\nclient Swedbank<\/td>\n<\/tr>\n<tr>\n<td><img loading=\"lazy\" decoding=\"async\" class=\"alignnone size-full wp-image-4202\" src=\"https:\/\/orangetime.ee\/wp-content\/uploads\/2018\/06\/pronksmuna.png\" alt=\"\" width=\"81\" height=\"81\" \/><\/td>\n<td style=\"text-align: left;\"><strong>Bronze Egg 2018<\/strong><br \/>\nPromotion<br \/>\n<a href=\"https:\/\/defol.io\/kuldmuna\/2018-instafestival-1\" target=\"_blank\" rel=\"noopener\">Instafestival<\/a><br \/>\nclient Coca-Cola<\/td>\n<\/tr>\n<\/tbody>\n<\/table>\n<p>&nbsp;<\/p>\n<\/div><div  class=\"column one-half last-col  col10 no-anim\" >\n<h3>2017<\/h3>\n<table class=\"munad\">\n<tbody>\n<tr>\n<td><img loading=\"lazy\" decoding=\"async\" class=\"alignnone size-full wp-image-4200\" src=\"https:\/\/orangetime.ee\/wp-content\/uploads\/2018\/06\/kuldmuna.png\" alt=\"\" width=\"81\" height=\"81\" \/><\/td>\n<td style=\"text-align: left;\">\n<h5><strong>Event Marketing Agency of the Year 2017<\/strong><\/h5>\n<\/td>\n<\/tr>\n<tr>\n<td><img loading=\"lazy\" decoding=\"async\" class=\"alignnone size-full wp-image-4200\" src=\"https:\/\/orangetime.ee\/wp-content\/uploads\/2018\/06\/kuldmuna.png\" alt=\"\" width=\"81\" height=\"81\" \/><\/td>\n<td style=\"text-align: left;\"><strong>Golden Egg 2017<\/strong><br \/>\nPromotion<br \/>\n<a href=\"https:\/\/defol.io\/kuldmuna\/2017-folkify\" target=\"_blank\" rel=\"noopener\">Folkify<\/a><br \/>\nclient Telia Eesti<\/td>\n<\/tr>\n<tr>\n<td><img loading=\"lazy\" decoding=\"async\" class=\"alignnone size-full wp-image-4198\" src=\"https:\/\/orangetime.ee\/wp-content\/uploads\/2018\/06\/h6bemuna.png\" alt=\"\" width=\"81\" height=\"81\" \/><\/td>\n<td style=\"text-align: left;\"><strong>Silver Egg 2017<\/strong><br \/>\nPublic event<br \/>\n<a href=\"https:\/\/defol.io\/kuldmuna\/2017-generatsioon-ettevotja\" target=\"_blank\" rel=\"noopener\">Generatsioon: ettev\u00f5tja<\/a><br \/>\nclient EAS<\/td>\n<\/tr>\n<tr>\n<td><img loading=\"lazy\" decoding=\"async\" class=\"alignnone size-full wp-image-4202\" src=\"https:\/\/orangetime.ee\/wp-content\/uploads\/2018\/06\/pronksmuna.png\" alt=\"\" width=\"81\" height=\"81\" \/><\/td>\n<td style=\"text-align: left;\"><strong>Bronze Egg 2017<\/strong><br \/>\nClient event<br \/>\n<a href=\"https:\/\/defol.io\/kuldmuna\/2017-toyota-c-hr-lansseerimine-1\" target=\"_blank\" rel=\"noopener\">Toyota C-HR lanseerimine<\/a><br \/>\nclient Toyota Baltic<\/td>\n<\/tr>\n<\/tbody>\n<\/table>\n<p>&nbsp;<\/p>\n<h3>2016<\/h3>\n<table class=\"munad\">\n<tbody>\n<tr>\n<td><img loading=\"lazy\" decoding=\"async\" class=\"alignnone size-full wp-image-4198\" src=\"https:\/\/orangetime.ee\/wp-content\/uploads\/2018\/06\/h6bemuna.png\" alt=\"\" width=\"81\" height=\"81\" \/><\/td>\n<td style=\"text-align: left;\"><strong>Silver Egg 2016<\/strong><br \/>\nClient event<br \/>\n<a href=\"https:\/\/defol.io\/kuldmuna\/2016-hansabgear-1\" target=\"_blank\" rel=\"noopener\">Hansabgear<\/a><br \/>\nclient Hansab<\/td>\n<\/tr>\n<tr>\n<td><img loading=\"lazy\" decoding=\"async\" class=\"alignnone size-full wp-image-4202\" src=\"https:\/\/orangetime.ee\/wp-content\/uploads\/2018\/06\/pronksmuna.png\" alt=\"\" width=\"81\" height=\"81\" \/><\/td>\n<td style=\"text-align: left;\"><strong>Bronze Egg 2016<\/strong><br \/>\nPromotion<br \/>\n<a href=\"https:\/\/defol.io\/kuldmuna\/2016-onneks-vajad-suudlust-1\" target=\"_blank\" rel=\"noopener\">\u00d5nneks vajad suudlust<\/a><br \/>\nclient Coca-Cola Services BV<\/td>\n<\/tr>\n<\/tbody>\n<\/table>\n<p>&nbsp;<\/p>\n<h3>2015<\/h3>\n<table class=\"munad\">\n<tbody>\n<tr>\n<td><img loading=\"lazy\" decoding=\"async\" class=\"alignnone size-full wp-image-4198\" src=\"https:\/\/orangetime.ee\/wp-content\/uploads\/2018\/06\/h6bemuna.png\" alt=\"\" width=\"81\" height=\"81\" \/><\/td>\n<td style=\"text-align: left;\"><strong>Silver Egg 2015<\/strong><br \/>\nPromotion<br \/>\n<a href=\"https:\/\/defol.io\/kuldmuna\/2015-say-it-with-coca-cola-and-a-song\" target=\"_blank\" rel=\"noopener\">Say it with Coca Cola and a Song<\/a><br \/>\nclient The Coca Cola Company<\/td>\n<\/tr>\n<tr>\n<td><img loading=\"lazy\" decoding=\"async\" class=\"alignnone size-full wp-image-4202\" src=\"https:\/\/orangetime.ee\/wp-content\/uploads\/2018\/06\/pronksmuna.png\" alt=\"\" width=\"81\" height=\"81\" \/><\/td>\n<td style=\"text-align: left;\"><strong>Bronze Egg 2015<\/strong><br \/>\nPromotion<br \/>\n<a href=\"https:\/\/defol.io\/kuldmuna\/2015-parlipuudja-slash-pearldiver-1\" target=\"_blank\" rel=\"noopener\">P\u00e4rlip\u00fc\u00fcdja<\/a><br \/>\nclient Swedbank<\/td>\n<\/tr>\n<\/tbody>\n<\/table>\n<p>&nbsp;<\/p>\n<h3>2014<\/h3>\n<table class=\"munad\">\n<tbody>\n<tr>\n<td><img loading=\"lazy\" decoding=\"async\" class=\"alignnone size-full wp-image-4200\" src=\"https:\/\/orangetime.ee\/wp-content\/uploads\/2018\/06\/kuldmuna.png\" alt=\"\" width=\"81\" height=\"81\" \/><\/td>\n<td style=\"text-align: left;\">\n<h5><strong>Event Marketing Agency of the Year 2014<\/strong><\/h5>\n<\/td>\n<\/tr>\n<tr>\n<td><img loading=\"lazy\" decoding=\"async\" class=\"alignnone size-full wp-image-4200\" src=\"https:\/\/orangetime.ee\/wp-content\/uploads\/2018\/06\/kuldmuna.png\" alt=\"\" width=\"81\" height=\"81\" \/><\/td>\n<td style=\"text-align: left;\"><strong>Golden Egg 2014<\/strong><br \/>\nPromotion<br \/>\nCoca-Cola at Positivus festival 2013<br \/>\nclient Coca-Cola Baltic<\/td>\n<\/tr>\n<tr>\n<td><img loading=\"lazy\" decoding=\"async\" class=\"alignnone size-full wp-image-4198\" src=\"https:\/\/orangetime.ee\/wp-content\/uploads\/2018\/06\/h6bemuna.png\" alt=\"\" width=\"81\" height=\"81\" \/><\/td>\n<td style=\"text-align: left;\"><strong>Silver Egg 2014<\/strong><br \/>\nPromotion<br \/>\nMuusika on Sinu k\u00e4tes<br \/>\nclient EMT\/TeliaSonera<\/td>\n<\/tr>\n<tr>\n<td><img loading=\"lazy\" decoding=\"async\" class=\"alignnone size-full wp-image-4202\" src=\"https:\/\/orangetime.ee\/wp-content\/uploads\/2018\/06\/pronksmuna.png\" alt=\"\" width=\"81\" height=\"81\" \/><\/td>\n<td style=\"text-align: left;\"><strong>Bronze Egg 2014<\/strong><br \/>\nClient event<br \/>\nLiviko Vana Tallinn Wonderland<br \/>\nclient Liviko<\/td>\n<\/tr>\n<\/tbody>\n<\/table>\n<\/div><\/div><\/div><div class=\"spacer spacer-big \"><\/div><div class=\"spacer spacer-medium \"><\/div><div class=\"wrapper-medium\"><div  class=\"column-section clearfix spaced-normal  col-align-top no-anim\"><div  class=\"column one-full last-col  col11 no-anim\" >\n<h4 style=\"text-align: center;\">To keep up with the times and shape the event marketing landscape of the future, we are a member of the Marketing Association and the Baltic Event Industry Club.<\/h4>\n<\/div><\/div><\/div><div class=\"spacer spacer-small \"><\/div><div class=\"wrapper\"><div  class=\"column-section clearfix spaced-normal  col-align-top no-anim\"><div  class=\"column one-half   col12 no-anim\" ><\/div><div  class=\"column one-half last-col  col13 no-anim\" ><\/div><\/div><\/div><div class=\"spacer spacer-big \"><\/div><div class=\"spacer spacer-small \"><\/div><div class=\"wrapper-small\"><div  class=\"column-section clearfix spaced-normal  col-align-top no-anim\"><div  class=\"column one-full last-col  col14 no-anim\" >\n<p style=\"text-align: center;\"><a href=\"\/en\/portfolio\" class=\"sr-button style-3 button-medium\" target=\"_self\"><span class=\"text\">\n\t\t\t<span>View our portfolio<\/span>\n\t\t\t<span>View our portfolio<\/span>\n\t\t<\/span><\/a><\/p>\n<\/div><\/div><\/div><div class=\"spacer spacer-big \"><\/div><div class=\"spacer spacer-big \"><\/div>\n","protected":false},"excerpt":{"rendered":"","protected":false},"author":1,"featured_media":6861,"parent":0,"menu_order":0,"comment_status":"closed","ping_status":"closed","template":"","meta":{"inline_featured_image":false,"footnotes":""},"_links":{"self":[{"href":"https:\/\/orangetime.ee\/en\/wp-json\/wp\/v2\/pages\/7298"}],"collection":[{"href":"https:\/\/orangetime.ee\/en\/wp-json\/wp\/v2\/pages"}],"about":[{"href":"https:\/\/orangetime.ee\/en\/wp-json\/wp\/v2\/types\/page"}],"author":[{"embeddable":true,"href":"https:\/\/orangetime.ee\/en\/wp-json\/wp\/v2\/users\/1"}],"replies":[{"embeddable":true,"href":"https:\/\/orangetime.ee\/en\/wp-json\/wp\/v2\/comments?post=7298"}],"version-history":[{"count":30,"href":"https:\/\/orangetime.ee\/en\/wp-json\/wp\/v2\/pages\/7298\/revisions"}],"predecessor-version":[{"id":9786,"href":"https:\/\/orangetime.ee\/en\/wp-json\/wp\/v2\/pages\/7298\/revisions\/9786"}],"wp:featuredmedia":[{"embeddable":true,"href":"https:\/\/orangetime.ee\/en\/wp-json\/wp\/v2\/media\/6861"}],"wp:attachment":[{"href":"https:\/\/orangetime.ee\/en\/wp-json\/wp\/v2\/media?parent=7298"}],"curies":[{"name":"wp","href":"https:\/\/api.w.org\/{rel}","templated":true}]}}